{"id":6898,"date":"2022-05-23T09:06:33","date_gmt":"2022-05-23T09:06:33","guid":{"rendered":"https:\/\/finimo.be\/intercommunale\/?page_id=6898"},"modified":"2022-05-23T09:14:10","modified_gmt":"2022-05-23T09:14:10","slug":"elementor-6898","status":"publish","type":"page","link":"https:\/\/www.finimo.be\/intercommunale\/elementor-6898\/","title":{"rendered":"Elementor #6898"},"content":{"rendered":"\t\t<div data-elementor-type=\"wp-page\" data-elementor-id=\"6898\" class=\"elementor elementor-6898\">\n\t\t\t\t\t\t<section class=\"elementor-section elementor-top-section elementor-element elementor-element-9af2990 elementor-section-boxed elementor-section-height-default elementor-section-height-default\" data-id=\"9af2990\" data-element_type=\"section\">\n\t\t\t\t\t\t<div class=\"elementor-container elementor-column-gap-default\">\n\t\t\t\t\t<div class=\"elementor-column elementor-col-100 elementor-top-column elementor-element elementor-element-1478692\" data-id=\"1478692\" data-element_type=\"column\">\n\t\t\t<div class=\"elementor-widget-wrap elementor-element-populated\">\n\t\t\t\t\t\t<div class=\"elementor-element elementor-element-da4006a elementor-widget elementor-widget-text-editor\" data-id=\"da4006a\" data-element_type=\"widget\" data-widget_type=\"text-editor.default\">\n\t\t\t\t<div class=\"elementor-widget-container\">\n\t\t\t\t\t\t\t\t\t<p>Assembl\u00e9e g\u00e9n\u00e9rale du 29 juin 2022 &#8211; Documents de s\u00e9ance<\/p>\n<p><a href=\"https:\/\/finimo.be\/intercommunale\/wp-content\/uploads\/2022\/05\/Rapport-de-gestion-du-CA-2022-exercice-2021.pdf\">Rapport de gestion du CA 2022 (exercice 2021)<\/a><\/p>\n<p><a style=\"background-color: #ffffff;\" href=\"https:\/\/finimo.be\/intercommunale\/wp-content\/uploads\/2022\/05\/FINIMO-2021.12.31-BNB.pdf\">FINIMO &#8211; 2021.12.31 BNB<\/a>\u00a0<\/p>\n<p><a href=\"https:\/\/finimo.be\/intercommunale\/wp-content\/uploads\/2022\/05\/Finimo-2021-Rapport-sp\u00e9cifique-sur-les-prises-de-participation-.pdf\">Finimo &#8211; 2021 Rapport sp\u00e9cifique sur les prises de participation<\/a>\u00a0<\/p>\n<p><a style=\"background-color: #ffffff;\" href=\"https:\/\/finimo.be\/intercommunale\/wp-content\/uploads\/2022\/05\/Finimo-Synth\u00e8se-des-comptes-2021.pdf\">Finimo &#8211; Synth\u00e8se des comptes 2021<\/a>\u00a0<\/p>\n<p><a href=\"https:\/\/finimo.be\/intercommunale\/wp-content\/uploads\/2022\/05\/Nomination-r\u00e9viseur-2022-.docx\">Nomination r\u00e9viseur 2022-<\/a>\u00a0<\/p>\n<p><a href=\"https:\/\/finimo.be\/intercommunale\/wp-content\/uploads\/2022\/05\/Rapport-de-r\u00e9mun\u00e9ration-2021.pdf\">Rapport de r\u00e9mun\u00e9ration 2021<\/a>\u00a0<\/p>\n<p><a href=\"https:\/\/finimo.be\/intercommunale\/wp-content\/uploads\/2022\/05\/Rapport-du-comit\u00e9-de-r\u00e9mun\u00e9ration-2021.pdf\">Rapport du comit\u00e9 de r\u00e9mun\u00e9ration 2021<\/a><\/p>\n<p>\u00a0<\/p>\n\t\t\t\t\t\t\t\t<\/div>\n\t\t\t\t<\/div>\n\t\t\t\t\t<\/div>\n\t\t<\/div>\n\t\t\t\t\t<\/div>\n\t\t<\/section>\n\t\t\t\t<\/div>\n\t\t","protected":false},"excerpt":{"rendered":"<p>Assembl\u00e9e g\u00e9n\u00e9rale du 29 juin 2022 &#8211; Documents de s\u00e9ance Rapport de gestion du CA 2022 (exercice 2021) FINIMO &#8211; 2021.12.31 BNB\u00a0 Finimo &#8211; 2021 Rapport sp\u00e9cifique sur les prises de participation\u00a0 Finimo &#8211; Synth\u00e8se des comptes 2021\u00a0 Nomination r\u00e9viseur 2022-\u00a0 Rapport de r\u00e9mun\u00e9ration 2021\u00a0 Rapport du comit\u00e9 de r\u00e9mun\u00e9ration 2021 \u00a0<\/p>\n","protected":false},"author":1,"featured_media":0,"parent":0,"menu_order":0,"comment_status":"closed","ping_status":"closed","template":"","meta":{"footnotes":""},"class_list":["post-6898","page","type-page","status-publish","hentry"],"_links":{"self":[{"href":"https:\/\/www.finimo.be\/intercommunale\/wp-json\/wp\/v2\/pages\/6898","targetHints":{"allow":["GET"]}}],"collection":[{"href":"https:\/\/www.finimo.be\/intercommunale\/wp-json\/wp\/v2\/pages"}],"about":[{"href":"https:\/\/www.finimo.be\/intercommunale\/wp-json\/wp\/v2\/types\/page"}],"author":[{"embeddable":true,"href":"https:\/\/www.finimo.be\/intercommunale\/wp-json\/wp\/v2\/users\/1"}],"replies":[{"embeddable":true,"href":"https:\/\/www.finimo.be\/intercommunale\/wp-json\/wp\/v2\/comments?post=6898"}],"version-history":[{"count":7,"href":"https:\/\/www.finimo.be\/intercommunale\/wp-json\/wp\/v2\/pages\/6898\/revisions"}],"predecessor-version":[{"id":6928,"href":"https:\/\/www.finimo.be\/intercommunale\/wp-json\/wp\/v2\/pages\/6898\/revisions\/6928"}],"wp:attachment":[{"href":"https:\/\/www.finimo.be\/intercommunale\/wp-json\/wp\/v2\/media?parent=6898"}],"curies":[{"name":"wp","href":"https:\/\/api.w.org\/{rel}","templated":true}]}}