{"id":6751,"date":"2020-04-13T06:00:37","date_gmt":"2020-04-13T06:00:37","guid":{"rendered":"https:\/\/finimo.be\/intercommunale\/?page_id=6751"},"modified":"2022-02-06T15:44:46","modified_gmt":"2022-02-06T15:44:46","slug":"plan-strategique","status":"publish","type":"page","link":"https:\/\/www.finimo.be\/intercommunale\/plan-strategique\/","title":{"rendered":"Plan strat\u00e9gique"},"content":{"rendered":"\t\t<div data-elementor-type=\"wp-page\" data-elementor-id=\"6751\" class=\"elementor elementor-6751\">\n\t\t\t\t\t\t<section class=\"elementor-section elementor-top-section elementor-element elementor-element-4c43a25 elementor-section-boxed elementor-section-height-default elementor-section-height-default\" data-id=\"4c43a25\" data-element_type=\"section\">\n\t\t\t\t\t\t<div class=\"elementor-container elementor-column-gap-default\">\n\t\t\t\t\t<div class=\"elementor-column elementor-col-100 elementor-top-column elementor-element elementor-element-3581811\" data-id=\"3581811\" data-element_type=\"column\">\n\t\t\t<div class=\"elementor-widget-wrap elementor-element-populated\">\n\t\t\t\t\t\t<div class=\"elementor-element elementor-element-776719c elementor-widget elementor-widget-text-editor\" data-id=\"776719c\" data-element_type=\"widget\" data-widget_type=\"text-editor.default\">\n\t\t\t\t<div class=\"elementor-widget-container\">\n\t\t\t\t\t\t\t\t\t<p><strong><em>Strat\u00e9gie\u00a0:<\/em><\/strong><\/p>\n<ol>\n<li>Poursuivre le d\u00e9veloppement, \u00e0 examiner au cas par cas, des participations de FINIMO dans les soci\u00e9t\u00e9s ou intercommunales cr\u00e9\u00e9es ou \u00e0 cr\u00e9er en relation avec la lib\u00e9ralisation du secteur de l\u2019\u00e9nergie ;<\/li>\n<li>rester attentif \u00e0 la situation financi\u00e8re de FINIMO en termes de cash flow pour les ann\u00e9es \u00e0 venir afin de remplir nos obligations en terme de remboursement d\u2019emprunts\u00a0;<\/li>\n<li>maintenir les services propos\u00e9s aux communes au travers de la gestion quotidienne de toutes les questions relatives \u00e0 l\u2019\u00e9nergie\u00a0: de sa fourniture (via les march\u00e9s group\u00e9s) \u00e0 son statut en tant que tel (le futur de l\u2019\u00e9nergie, de son r\u00e9seau, sa modernisation, diversification des sources de revenus via des projets \u00e9nerg\u00e9tiques \u00e0 cr\u00e9ation de valeur, partenariat public-priv\u00e9\u2026).<\/li>\n<\/ol>\n\t\t\t\t\t\t\t\t<\/div>\n\t\t\t\t<\/div>\n\t\t\t\t\t<\/div>\n\t\t<\/div>\n\t\t\t\t\t<\/div>\n\t\t<\/section>\n\t\t\t\t<section class=\"elementor-section elementor-top-section elementor-element elementor-element-93ad7e1 elementor-section-boxed elementor-section-height-default elementor-section-height-default\" data-id=\"93ad7e1\" data-element_type=\"section\">\n\t\t\t\t\t\t<div class=\"elementor-container elementor-column-gap-default\">\n\t\t\t\t\t<div class=\"elementor-column elementor-col-50 elementor-top-column elementor-element elementor-element-937286f\" data-id=\"937286f\" data-element_type=\"column\">\n\t\t\t<div class=\"elementor-widget-wrap elementor-element-populated\">\n\t\t\t\t\t\t<div class=\"elementor-element elementor-element-3b03661 elementor-button-success elementor-align-center elementor-widget elementor-widget-button\" data-id=\"3b03661\" data-element_type=\"widget\" data-widget_type=\"button.default\">\n\t\t\t\t<div class=\"elementor-widget-container\">\n\t\t\t\t\t\t\t\t\t<div class=\"elementor-button-wrapper icon_align_  \">\n\t\t\t\t\t<a class=\"elementor-button elementor-button-link elementor-size-sm\" href=\"http:\/\/www.finimo.be\/intercommunale\/wp-content\/uploads\/2019\/06\/Plan-Strat%C3%90%C2%92gique-2007.pdf\">\n\t\t\t\t\t\t<span class=\"elementor-button-content-wrapper\">\n\t\t\t\t\t\t\t\t\t<span class=\"elementor-button-text\">Plan Strat\u00e9gique 2007<\/span>\n\t\t\t\t\t<\/span>\n\t\t\t\t\t<\/a>\n\t\t\t\t<\/div>\n\t\t\t\t\t\t\t\t<\/div>\n\t\t\t\t<\/div>\n\t\t\t\t\t<\/div>\n\t\t<\/div>\n\t\t\t\t<div class=\"elementor-column elementor-col-50 elementor-top-column elementor-element elementor-element-a375334\" data-id=\"a375334\" data-element_type=\"column\">\n\t\t\t<div class=\"elementor-widget-wrap elementor-element-populated\">\n\t\t\t\t\t\t<div class=\"elementor-element elementor-element-684c617 elementor-button-success elementor-align-center elementor-widget elementor-widget-button\" data-id=\"684c617\" data-element_type=\"widget\" data-widget_type=\"button.default\">\n\t\t\t\t<div class=\"elementor-widget-container\">\n\t\t\t\t\t\t\t\t\t<div class=\"elementor-button-wrapper icon_align_  \">\n\t\t\t\t\t<a class=\"elementor-button elementor-button-link elementor-size-sm\" href=\"http:\/\/www.finimo.be\/intercommunale\/wp-content\/uploads\/2019\/06\/Plan-Strat%C3%90%C2%92gique-2008-2010.pdf\">\n\t\t\t\t\t\t<span class=\"elementor-button-content-wrapper\">\n\t\t\t\t\t\t\t\t\t<span class=\"elementor-button-text\">Plan Strat\u00e9gique 2008-2010<\/span>\n\t\t\t\t\t<\/span>\n\t\t\t\t\t<\/a>\n\t\t\t\t<\/div>\n\t\t\t\t\t\t\t\t<\/div>\n\t\t\t\t<\/div>\n\t\t\t\t\t<\/div>\n\t\t<\/div>\n\t\t\t\t\t<\/div>\n\t\t<\/section>\n\t\t\t\t<\/div>\n\t\t","protected":false},"excerpt":{"rendered":"<p>Strat\u00e9gie\u00a0: Poursuivre le d\u00e9veloppement, \u00e0 examiner au cas par cas, des participations de FINIMO dans les soci\u00e9t\u00e9s ou intercommunales cr\u00e9\u00e9es ou \u00e0 cr\u00e9er en relation avec la lib\u00e9ralisation du secteur de l\u2019\u00e9nergie ; rester attentif \u00e0 la situation financi\u00e8re de FINIMO en termes de cash flow pour les ann\u00e9es \u00e0 venir afin de remplir nos<\/p>\n","protected":false},"author":1,"featured_media":0,"parent":0,"menu_order":0,"comment_status":"closed","ping_status":"closed","template":"","meta":{"footnotes":""},"class_list":["post-6751","page","type-page","status-publish","hentry"],"_links":{"self":[{"href":"https:\/\/www.finimo.be\/intercommunale\/wp-json\/wp\/v2\/pages\/6751","targetHints":{"allow":["GET"]}}],"collection":[{"href":"https:\/\/www.finimo.be\/intercommunale\/wp-json\/wp\/v2\/pages"}],"about":[{"href":"https:\/\/www.finimo.be\/intercommunale\/wp-json\/wp\/v2\/types\/page"}],"author":[{"embeddable":true,"href":"https:\/\/www.finimo.be\/intercommunale\/wp-json\/wp\/v2\/users\/1"}],"replies":[{"embeddable":true,"href":"https:\/\/www.finimo.be\/intercommunale\/wp-json\/wp\/v2\/comments?post=6751"}],"version-history":[{"count":11,"href":"https:\/\/www.finimo.be\/intercommunale\/wp-json\/wp\/v2\/pages\/6751\/revisions"}],"predecessor-version":[{"id":6897,"href":"https:\/\/www.finimo.be\/intercommunale\/wp-json\/wp\/v2\/pages\/6751\/revisions\/6897"}],"wp:attachment":[{"href":"https:\/\/www.finimo.be\/intercommunale\/wp-json\/wp\/v2\/media?parent=6751"}],"curies":[{"name":"wp","href":"https:\/\/api.w.org\/{rel}","templated":true}]}}