{"id":1071,"date":"2015-12-14T07:14:55","date_gmt":"2015-12-14T07:14:55","guid":{"rendered":"http:\/\/consulting.stylemixthemes.com\/?page_id=2"},"modified":"2020-04-16T09:03:59","modified_gmt":"2020-04-16T09:03:59","slug":"home","status":"publish","type":"page","link":"https:\/\/www.finimo.be\/intercommunale\/","title":{"rendered":"Home"},"content":{"rendered":"\t\t<div data-elementor-type=\"wp-page\" data-elementor-id=\"1071\" class=\"elementor elementor-1071\">\n\t\t\t\t\t\t<section class=\"elementor-section elementor-top-section elementor-element elementor-element-4d6fe1a elementor-section-boxed elementor-section-height-default elementor-section-height-default\" data-id=\"4d6fe1a\" data-element_type=\"section\" data-settings=\"{&quot;background_background&quot;:&quot;classic&quot;}\">\n\t\t\t\t\t\t<div class=\"elementor-container elementor-column-gap-default\">\n\t\t\t\t\t<div class=\"elementor-column elementor-col-100 elementor-top-column elementor-element elementor-element-4d706bf\" data-id=\"4d706bf\" data-element_type=\"column\">\n\t\t\t<div class=\"elementor-widget-wrap\">\n\t\t\t\t\t\t\t<\/div>\n\t\t<\/div>\n\t\t\t\t\t<\/div>\n\t\t<\/section>\n\t\t\t\t<section class=\"elementor-section elementor-top-section elementor-element elementor-element-725dbb6 elementor-section-boxed elementor-section-height-default elementor-section-height-default\" data-id=\"725dbb6\" data-element_type=\"section\">\n\t\t\t\t\t\t<div class=\"elementor-container elementor-column-gap-default\">\n\t\t\t\t\t<div class=\"elementor-column elementor-col-100 elementor-top-column elementor-element elementor-element-72ce47f\" data-id=\"72ce47f\" data-element_type=\"column\">\n\t\t\t<div class=\"elementor-widget-wrap\">\n\t\t\t\t\t\t\t<\/div>\n\t\t<\/div>\n\t\t\t\t\t<\/div>\n\t\t<\/section>\n\t\t\t\t<section class=\"elementor-section elementor-top-section elementor-element elementor-element-52a3b8b elementor-section-boxed elementor-section-height-default elementor-section-height-default\" data-id=\"52a3b8b\" data-element_type=\"section\">\n\t\t\t\t\t\t<div class=\"elementor-container elementor-column-gap-default\">\n\t\t\t\t\t<div class=\"elementor-column elementor-col-100 elementor-top-column elementor-element elementor-element-33213cd\" data-id=\"33213cd\" data-element_type=\"column\">\n\t\t\t<div class=\"elementor-widget-wrap elementor-element-populated\">\n\t\t\t\t\t\t<div class=\"elementor-element elementor-element-e3d78b0 elementor-widget elementor-widget-text-editor\" data-id=\"e3d78b0\" data-element_type=\"widget\" data-widget_type=\"text-editor.default\">\n\t\t\t\t<div class=\"elementor-widget-container\">\n\t\t\t\t\t\t\t\t\t<p>\u00a0<\/p>\n<h3>Introduction<\/h3>\n<p>Constitu\u00e9e en 1996, FINIMO est une intercommunale pure de financement \u0153uvrant essentiellement<br \/>dans des secteurs r\u00e9gul\u00e9s li\u00e9s \u00e0 l\u2019\u00e9nergie. Elle compte 17 associ\u00e9s (villes et communes).<br \/>Depuis sa cr\u00e9ation, elle met tout en \u0153uvre pour aider au mieux ses associ\u00e9es dans le mouvement<br \/>perp\u00e9tuel des \u00e9nergies que ce soit en prenant en charge les co\u00fbts li\u00e9s aux obligations d\u00e9cr\u00e9tales<br \/>(financement de la sortie du partenaire priv\u00e9 Electrabel dans l\u2019actionnariat d\u2019ORES Assets), en<br \/>organisant des achats group\u00e9s afin d\u2019obtenir les meilleurs prix ou encore en leur \u00e9vitant de supporter<br \/>les frais li\u00e9s \u00e0 l\u2019entretien du r\u00e9seau de distribution,\u2026<\/p>\n<p>Missions\u00a0:<\/p>\n<p>L\u2019intercommunale est active dans:<\/p>\n<p>1. le financement des activit\u00e9s des intercommunales de distribution pour compte des communes affili\u00e9es\u00a0;<\/p>\n<p>2. l\u2019acquisition de parts sociales dans le capital des soci\u00e9t\u00e9s actives dans la distribution publique<br \/>d\u2019\u00e9lectricit\u00e9 et de gaz essentiellement\u00a0(Publi-T, Publigaz, SOCOFE,\u2026);<\/p>\n<p>3. la gestion d\u2019une centrale d\u2019achat ou de march\u00e9 au profit des entit\u00e9s publiques faisant partie<br \/>de la couverture territoriale de FINIMO\u00a0;<\/p>\n<p>4. toute autre op\u00e9ration ou activit\u00e9 se rapportant aux points ci-dessus.<\/p>\n\t\t\t\t\t\t\t\t<\/div>\n\t\t\t\t<\/div>\n\t\t\t\t\t<\/div>\n\t\t<\/div>\n\t\t\t\t\t<\/div>\n\t\t<\/section>\n\t\t\t\t<section class=\"elementor-section elementor-top-section elementor-element elementor-element-2ffc10a elementor-section-boxed elementor-section-height-default elementor-section-height-default\" data-id=\"2ffc10a\" data-element_type=\"section\">\n\t\t\t\t\t\t<div class=\"elementor-container elementor-column-gap-default\">\n\t\t\t\t\t<div class=\"elementor-column elementor-col-100 elementor-top-column elementor-element elementor-element-b97d1f0\" data-id=\"b97d1f0\" data-element_type=\"column\">\n\t\t\t<div class=\"elementor-widget-wrap elementor-element-populated\">\n\t\t\t\t\t\t<div class=\"elementor-element elementor-element-5c44ca3 elementor-widget elementor-widget-spacer\" data-id=\"5c44ca3\" data-element_type=\"widget\" data-widget_type=\"spacer.default\">\n\t\t\t\t<div class=\"elementor-widget-container\">\n\t\t\t\t\t\t\t<div class=\"elementor-spacer\">\n\t\t\t<div class=\"elementor-spacer-inner\"><\/div>\n\t\t<\/div>\n\t\t\t\t\t\t<\/div>\n\t\t\t\t<\/div>\n\t\t\t\t\t<\/div>\n\t\t<\/div>\n\t\t\t\t\t<\/div>\n\t\t<\/section>\n\t\t\t\t<section class=\"elementor-section elementor-top-section elementor-element elementor-element-4d74365 elementor-section-boxed elementor-section-height-default elementor-section-height-default\" data-id=\"4d74365\" data-element_type=\"section\">\n\t\t\t\t\t\t<div class=\"elementor-container elementor-column-gap-default\">\n\t\t\t\t\t<div class=\"elementor-column elementor-col-100 elementor-top-column elementor-element elementor-element-4d74a9e\" data-id=\"4d74a9e\" data-element_type=\"column\">\n\t\t\t<div class=\"elementor-widget-wrap elementor-element-populated\">\n\t\t\t\t\t\t<section class=\"elementor-section elementor-top-section elementor-element elementor-element-4d750ee elementor-section-boxed elementor-section-height-default elementor-section-height-default\" data-id=\"4d750ee\" data-element_type=\"section\">\n\t\t\t\t\t\t<div class=\"elementor-container elementor-column-gap-default\">\n\t\t\t\t\t<div class=\"elementor-column elementor-col-33 elementor-top-column elementor-element elementor-element-4d7589f\" data-id=\"4d7589f\" data-element_type=\"column\">\n\t\t\t<div class=\"elementor-widget-wrap elementor-element-populated\">\n\t\t\t\t\t\t<div class=\"elementor-element elementor-element-17bc4c0 elementor-widget elementor-widget-stm_info_box\" data-id=\"17bc4c0\" data-element_type=\"widget\" data-widget_type=\"stm_info_box.default\">\n\t\t\t\t<div class=\"elementor-widget-container\">\n\t\t\t\t\t    <div class=\"info_box elementor-consulting-info-box align_center style_4 \">\n\n        \n        \n            \n                                                                                        <div class=\"info_box_image\"><img fetchpriority=\"high\" decoding=\"async\" width=\"350\" height=\"204\" src=\"https:\/\/www.finimo.be\/intercommunale\/wp-content\/uploads\/2020\/04\/Depositphotos_204114398_xl-2015-350x204.jpg\" class=\"attachment-consulting-image-350x204-croped size-consulting-image-350x204-croped\" alt=\"\" \/><\/div>\n                                                            \n                \n                                <p>Acqu\u00e9rir des parts sociales dans le capital de soci\u00e9t\u00e9s actives dans des secteurs d\u2019int\u00e9r\u00eat \u00e9conomique g\u00e9n\u00e9ral, en vue de favoriser des synergies de nature \u00e0 optimiser l\u2019exercice autonome de la comp\u00e9tence communale en ce qui concerne la distribution publique d\u2019\u00e9lectricit\u00e9, de gaz et de signaux analogiques ou num\u00e9riques au sens le plus large de ces termes.<\/p>\n                 <a class=\"read_more\" target=\"_self\" href=\"#\">Lire plus<\/a>                \n            \n                <\/div>\n\t\t\t\t<\/div>\n\t\t\t\t<\/div>\n\t\t\t\t\t<\/div>\n\t\t<\/div>\n\t\t\t\t<div class=\"elementor-column elementor-col-33 elementor-top-column elementor-element elementor-element-4d762cf\" data-id=\"4d762cf\" data-element_type=\"column\">\n\t\t\t<div class=\"elementor-widget-wrap elementor-element-populated\">\n\t\t\t\t\t\t<div class=\"elementor-element elementor-element-4d7678e elementor-widget elementor-widget-stm_info_box\" data-id=\"4d7678e\" data-element_type=\"widget\" data-widget_type=\"stm_info_box.default\">\n\t\t\t\t<div class=\"elementor-widget-container\">\n\t\t\t\t\t    <div class=\"info_box elementor-consulting-info-box style_4 \">\n\n        \n        \n            \n                                                                                        <div class=\"info_box_image\"><img decoding=\"async\" width=\"350\" height=\"204\" src=\"https:\/\/www.finimo.be\/intercommunale\/wp-content\/uploads\/2020\/04\/Depositphotos_4539500_xl-2015-1-350x204.jpg\" class=\"attachment-consulting-image-350x204-croped size-consulting-image-350x204-croped\" alt=\"\" \/><\/div>\n                                                            \n                \n                                <p>Financer les activit\u00e9s des intercommunales de distribution pour compte des communes affili\u00e9es.<\/p>\n                 <a class=\"read_more\" target=\"_self\" href=\"#\">Lire plus<\/a>                \n            \n                <\/div>\n\t\t\t\t<\/div>\n\t\t\t\t<\/div>\n\t\t\t\t<div class=\"elementor-element elementor-element-4d76d92 elementor-widget elementor-widget-stm_spacing\" data-id=\"4d76d92\" data-element_type=\"widget\" data-widget_type=\"stm_spacing.default\">\n\t\t\t\t<div class=\"elementor-widget-container\">\n\t\t\t\t\t<div class=\"stm-spacing\" id=\"stm-spacing-69d4d1c052cf3\"><\/div>\n<script>\n    (function($){\n        \"use strict\";\n        var spacingID = 'stm-spacing-69d4d1c052cf3',\n            lgSpacing = '56',\n            mdSpacing = '56',\n            smSpacing = '40',\n            xsSpacing = '40';\n\n        function stmSpacing() {\n            if ( window.matchMedia(\"(min-width: 1200px)\").matches && lgSpacing ) {\n                $( '#' + spacingID ).css ( \"height\", lgSpacing );\n            } else if ( window.matchMedia(\"(max-width: 1199px) and (min-width: 992px )\").matches && mdSpacing ) {\n                $( '#' + spacingID ).css ( \"height\", mdSpacing );\n            } else if ( window.matchMedia(\"(max-width: 991px) and (min-width: 768px )\").matches && smSpacing ) {\n                $( '#' + spacingID ).css ( \"height\", smSpacing );\n            } else if ( window.matchMedia(\"(max-width: 767px)\").matches && xsSpacing ) {\n                $( '#' + spacingID ).css ( \"height\", xsSpacing );\n            } else {\n                $( '#' + spacingID ).css ( \"height\", \"\" );\n            }\n        }\n\n        $(document).ready(function() {\n            stmSpacing();\n        });\n\n        $(window).resize(function() {\n            stmSpacing();\n        });\n\n    })(jQuery);\n<\/script>\t\t\t\t<\/div>\n\t\t\t\t<\/div>\n\t\t\t\t\t<\/div>\n\t\t<\/div>\n\t\t\t\t<div class=\"elementor-column elementor-col-33 elementor-top-column elementor-element elementor-element-4d76e0d\" data-id=\"4d76e0d\" data-element_type=\"column\">\n\t\t\t<div class=\"elementor-widget-wrap elementor-element-populated\">\n\t\t\t\t\t\t<div class=\"elementor-element elementor-element-4d771b0 elementor-widget elementor-widget-stm_info_box\" data-id=\"4d771b0\" data-element_type=\"widget\" data-widget_type=\"stm_info_box.default\">\n\t\t\t\t<div class=\"elementor-widget-container\">\n\t\t\t\t\t    <div class=\"info_box elementor-consulting-info-box style_4 \">\n\n        \n        \n            \n                                                                                        <div class=\"info_box_image\"><img decoding=\"async\" width=\"350\" height=\"204\" src=\"https:\/\/www.finimo.be\/intercommunale\/wp-content\/uploads\/2020\/04\/Depositphotos_42383293_xl-2015-350x204.jpg\" class=\"attachment-consulting-image-350x204-croped size-consulting-image-350x204-croped\" alt=\"\" \/><\/div>\n                                                            \n                \n                                <p>Assurer la r\u00e9partition des revenus communaux.<\/p>\n                 <a class=\"read_more\" target=\"_self\" href=\"#\">Lire plus<\/a>                \n            \n                <\/div>\n\t\t\t\t<\/div>\n\t\t\t\t<\/div>\n\t\t\t\t<div class=\"elementor-element elementor-element-4d774b9 elementor-widget elementor-widget-stm_spacing\" data-id=\"4d774b9\" data-element_type=\"widget\" data-widget_type=\"stm_spacing.default\">\n\t\t\t\t<div class=\"elementor-widget-container\">\n\t\t\t\t\t<div class=\"stm-spacing\" id=\"stm-spacing-69d4d1c053458\"><\/div>\n<script>\n    (function($){\n        \"use strict\";\n        var spacingID = 'stm-spacing-69d4d1c053458',\n            lgSpacing = '56',\n            mdSpacing = '56',\n            smSpacing = '40',\n            xsSpacing = '40';\n\n        function stmSpacing() {\n            if ( window.matchMedia(\"(min-width: 1200px)\").matches && lgSpacing ) {\n                $( '#' + spacingID ).css ( \"height\", lgSpacing );\n            } else if ( window.matchMedia(\"(max-width: 1199px) and (min-width: 992px )\").matches && mdSpacing ) {\n                $( '#' + spacingID ).css ( \"height\", mdSpacing );\n            } else if ( window.matchMedia(\"(max-width: 991px) and (min-width: 768px )\").matches && smSpacing ) {\n                $( '#' + spacingID ).css ( \"height\", smSpacing );\n            } else if ( window.matchMedia(\"(max-width: 767px)\").matches && xsSpacing ) {\n                $( '#' + spacingID ).css ( \"height\", xsSpacing );\n            } else {\n                $( '#' + spacingID ).css ( \"height\", \"\" );\n            }\n        }\n\n        $(document).ready(function() {\n            stmSpacing();\n        });\n\n        $(window).resize(function() {\n            stmSpacing();\n        });\n\n    })(jQuery);\n<\/script>\t\t\t\t<\/div>\n\t\t\t\t<\/div>\n\t\t\t\t\t<\/div>\n\t\t<\/div>\n\t\t\t\t\t<\/div>\n\t\t<\/section>\n\t\t\t\t<div class=\"elementor-element elementor-element-9461351 elementor-widget elementor-widget-spacer\" data-id=\"9461351\" data-element_type=\"widget\" data-widget_type=\"spacer.default\">\n\t\t\t\t<div class=\"elementor-widget-container\">\n\t\t\t\t\t\t\t<div class=\"elementor-spacer\">\n\t\t\t<div class=\"elementor-spacer-inner\"><\/div>\n\t\t<\/div>\n\t\t\t\t\t\t<\/div>\n\t\t\t\t<\/div>\n\t\t\t\t\t<\/div>\n\t\t<\/div>\n\t\t\t\t\t<\/div>\n\t\t<\/section>\n\t\t\t\t<section class=\"elementor-section elementor-top-section elementor-element elementor-element-6c75189 elementor-section-boxed elementor-section-height-default elementor-section-height-default\" data-id=\"6c75189\" data-element_type=\"section\">\n\t\t\t\t\t\t<div class=\"elementor-container elementor-column-gap-default\">\n\t\t\t\t\t<div class=\"elementor-column elementor-col-100 elementor-top-column elementor-element elementor-element-c4067e9\" data-id=\"c4067e9\" data-element_type=\"column\">\n\t\t\t<div class=\"elementor-widget-wrap elementor-element-populated\">\n\t\t\t\t\t\t<div class=\"elementor-element elementor-element-6240c59 elementor-widget elementor-widget-spacer\" data-id=\"6240c59\" data-element_type=\"widget\" data-widget_type=\"spacer.default\">\n\t\t\t\t<div class=\"elementor-widget-container\">\n\t\t\t\t\t\t\t<div class=\"elementor-spacer\">\n\t\t\t<div class=\"elementor-spacer-inner\"><\/div>\n\t\t<\/div>\n\t\t\t\t\t\t<\/div>\n\t\t\t\t<\/div>\n\t\t\t\t\t<\/div>\n\t\t<\/div>\n\t\t\t\t\t<\/div>\n\t\t<\/section>\n\t\t\t\t<\/div>\n\t\t","protected":false},"excerpt":{"rendered":"<p>\u00a0 Introduction Constitu\u00e9e en 1996, FINIMO est une intercommunale pure de financement \u0153uvrant essentiellementdans des secteurs r\u00e9gul\u00e9s li\u00e9s \u00e0 l\u2019\u00e9nergie. Elle compte 17 associ\u00e9s (villes et communes).Depuis sa cr\u00e9ation, elle met tout en \u0153uvre pour aider au mieux ses associ\u00e9es dans le mouvementperp\u00e9tuel des \u00e9nergies que ce soit en prenant en charge les co\u00fbts li\u00e9s<\/p>\n","protected":false},"author":1,"featured_media":0,"parent":0,"menu_order":0,"comment_status":"closed","ping_status":"closed","template":"","meta":{"footnotes":""},"class_list":["post-1071","page","type-page","status-publish","hentry"],"_links":{"self":[{"href":"https:\/\/www.finimo.be\/intercommunale\/wp-json\/wp\/v2\/pages\/1071","targetHints":{"allow":["GET"]}}],"collection":[{"href":"https:\/\/www.finimo.be\/intercommunale\/wp-json\/wp\/v2\/pages"}],"about":[{"href":"https:\/\/www.finimo.be\/intercommunale\/wp-json\/wp\/v2\/types\/page"}],"author":[{"embeddable":true,"href":"https:\/\/www.finimo.be\/intercommunale\/wp-json\/wp\/v2\/users\/1"}],"replies":[{"embeddable":true,"href":"https:\/\/www.finimo.be\/intercommunale\/wp-json\/wp\/v2\/comments?post=1071"}],"version-history":[{"count":19,"href":"https:\/\/www.finimo.be\/intercommunale\/wp-json\/wp\/v2\/pages\/1071\/revisions"}],"predecessor-version":[{"id":6824,"href":"https:\/\/www.finimo.be\/intercommunale\/wp-json\/wp\/v2\/pages\/1071\/revisions\/6824"}],"wp:attachment":[{"href":"https:\/\/www.finimo.be\/intercommunale\/wp-json\/wp\/v2\/media?parent=1071"}],"curies":[{"name":"wp","href":"https:\/\/api.w.org\/{rel}","templated":true}]}}